{"id":16,"date":"2018-01-13T10:26:16","date_gmt":"2018-01-13T09:26:16","guid":{"rendered":"http:\/\/www.pzeriipiotrkow.pl\/?page_id=16"},"modified":"2018-01-13T11:39:49","modified_gmt":"2018-01-13T10:39:49","slug":"o-nas","status":"publish","type":"page","link":"https:\/\/www.pzeriipiotrkow.pl\/index.php\/o-nas\/","title":{"rendered":"O NAS"},"content":{"rendered":"<p>Polski Zwi\u0105zek Emeryt\u00f3w, Rencist\u00f3w i Inwalid\u00f3w\u00a0 jest organizacj\u0105 pozarz\u0105dow\u0105, dobrowoln\u0105, neutraln\u0105 pod wzgl\u0119dem politycznym, wyznaniowym, etnicznym i rasowym.<\/p>\n<p>Organizujemy grupowe wycieczki, imprezy integracyjne, wyj\u015bcia do teatru, kina, filharmonii, wyjazdy do opery, wieczorki taneczne oraz turnusy wczasowe i rehabilitacyjne.<\/p>\n<p>Pomagamy w organizacji czasu wolnego,\u00a0\u017cycia kulturalnego, zwi\u0119kszenia uczestnictwa w \u017cyciu spo\u0142ecznym miasta.<\/p>\n<p>Wsp\u00f3\u0142pracujemy z organami w\u0142adzy, administracji publicznej i\u00a0samorz\u0105dowej oraz instytucjami i organizacjami spo\u0142ecznymi.<\/p>\n<p>Od lat podejmujemy dzia\u0142ania na rzecz zmiany wizerunku i stereotyp\u00f3w w postrzeganiu os\u00f3b starszych przez zwi\u0119kszenie roli w spo\u0142eczno\u015bci lokalnej i wzmocnienie wi\u0119zi mi\u0119dzypokoleniowych.<\/p>\n<p>&nbsp;<\/p>\n","protected":false},"excerpt":{"rendered":"<p>Polski Zwi\u0105zek Emeryt\u00f3w, Rencist\u00f3w i Inwalid\u00f3w\u00a0 jest organizacj\u0105 pozarz\u0105dow\u0105, dobrowoln\u0105, neutraln\u0105 pod wzgl\u0119dem politycznym, wyznaniowym, etnicznym i rasowym. Organizujemy grupowe wycieczki, imprezy integracyjne, wyj\u015bcia do teatru, kina, filharmonii, wyjazdy do opery, wieczorki taneczne oraz turnusy wczasowe i rehabilitacyjne. Pomagamy w &hellip; <a href=\"https:\/\/www.pzeriipiotrkow.pl\/index.php\/o-nas\/\">Czytaj dalej <span class=\"meta-nav\">&rarr;<\/span><\/a><\/p>\n","protected":false},"author":1,"featured_media":0,"parent":0,"menu_order":0,"comment_status":"closed","ping_status":"closed","template":"","meta":{"footnotes":""},"class_list":["post-16","page","type-page","status-publish","hentry"],"_links":{"self":[{"href":"https:\/\/www.pzeriipiotrkow.pl\/index.php\/wp-json\/wp\/v2\/pages\/16","targetHints":{"allow":["GET"]}}],"collection":[{"href":"https:\/\/www.pzeriipiotrkow.pl\/index.php\/wp-json\/wp\/v2\/pages"}],"about":[{"href":"https:\/\/www.pzeriipiotrkow.pl\/index.php\/wp-json\/wp\/v2\/types\/page"}],"author":[{"embeddable":true,"href":"https:\/\/www.pzeriipiotrkow.pl\/index.php\/wp-json\/wp\/v2\/users\/1"}],"replies":[{"embeddable":true,"href":"https:\/\/www.pzeriipiotrkow.pl\/index.php\/wp-json\/wp\/v2\/comments?post=16"}],"version-history":[{"count":6,"href":"https:\/\/www.pzeriipiotrkow.pl\/index.php\/wp-json\/wp\/v2\/pages\/16\/revisions"}],"predecessor-version":[{"id":50,"href":"https:\/\/www.pzeriipiotrkow.pl\/index.php\/wp-json\/wp\/v2\/pages\/16\/revisions\/50"}],"wp:attachment":[{"href":"https:\/\/www.pzeriipiotrkow.pl\/index.php\/wp-json\/wp\/v2\/media?parent=16"}],"curies":[{"name":"wp","href":"https:\/\/api.w.org\/{rel}","templated":true}]}}