{"id":17,"date":"2018-01-13T10:26:16","date_gmt":"2018-01-13T09:26:16","guid":{"rendered":"http:\/\/www.pzeriipiotrkow.pl\/?page_id=17"},"modified":"2025-11-11T14:23:59","modified_gmt":"2025-11-11T13:23:59","slug":"zarzad","status":"publish","type":"page","link":"https:\/\/www.pzeriipiotrkow.pl\/index.php\/zarzad\/","title":{"rendered":"ZARZ\u0104D"},"content":{"rendered":"<p><strong>PRZEWODNICZ\u0104CA:<\/strong><br \/>\nREGINA STEFA\u0143SKA<\/p>\n<p><strong>WICEPRZEWODNICZ\u0104CA:<\/strong><br \/>\nURSZULA KABZI\u0143SKA &#8211; RADZISZEWSKA<\/p>\n","protected":false},"excerpt":{"rendered":"<p>PRZEWODNICZ\u0104CA: REGINA STEFA\u0143SKA WICEPRZEWODNICZ\u0104CA: URSZULA KABZI\u0143SKA &#8211; RADZISZEWSKA<\/p>\n","protected":false},"author":1,"featured_media":0,"parent":0,"menu_order":0,"comment_status":"closed","ping_status":"closed","template":"","meta":{"footnotes":""},"class_list":["post-17","page","type-page","status-publish","hentry"],"_links":{"self":[{"href":"https:\/\/www.pzeriipiotrkow.pl\/index.php\/wp-json\/wp\/v2\/pages\/17","targetHints":{"allow":["GET"]}}],"collection":[{"href":"https:\/\/www.pzeriipiotrkow.pl\/index.php\/wp-json\/wp\/v2\/pages"}],"about":[{"href":"https:\/\/www.pzeriipiotrkow.pl\/index.php\/wp-json\/wp\/v2\/types\/page"}],"author":[{"embeddable":true,"href":"https:\/\/www.pzeriipiotrkow.pl\/index.php\/wp-json\/wp\/v2\/users\/1"}],"replies":[{"embeddable":true,"href":"https:\/\/www.pzeriipiotrkow.pl\/index.php\/wp-json\/wp\/v2\/comments?post=17"}],"version-history":[{"count":7,"href":"https:\/\/www.pzeriipiotrkow.pl\/index.php\/wp-json\/wp\/v2\/pages\/17\/revisions"}],"predecessor-version":[{"id":734,"href":"https:\/\/www.pzeriipiotrkow.pl\/index.php\/wp-json\/wp\/v2\/pages\/17\/revisions\/734"}],"wp:attachment":[{"href":"https:\/\/www.pzeriipiotrkow.pl\/index.php\/wp-json\/wp\/v2\/media?parent=17"}],"curies":[{"name":"wp","href":"https:\/\/api.w.org\/{rel}","templated":true}]}}