{"id":20,"date":"2018-01-13T10:26:16","date_gmt":"2018-01-13T09:26:16","guid":{"rendered":"http:\/\/www.pzeriipiotrkow.pl\/?page_id=20"},"modified":"2018-01-17T17:57:49","modified_gmt":"2018-01-17T16:57:49","slug":"kontakt","status":"publish","type":"page","link":"https:\/\/www.pzeriipiotrkow.pl\/index.php\/kontakt\/","title":{"rendered":"KONTAKT"},"content":{"rendered":"<p>POLSKI ZWI\u0104ZEK EMERYT\u00d3W RENCIST\u00d3W I INWALID\u00d3W ODDZIA\u0141 OKR\u0118GOWY<br \/>\nW PIOTRKOWIE TRYBUNALSKIM <strong>UL. WYSOKA 6<\/strong><br \/>\n<strong><br \/>\nOTWARTE:<\/strong><br \/>\n&#8211; PONIEDZIA\u0141EK<br \/>\n&#8211; WTOREK<br \/>\n&#8211; CZWARTEK<\/p>\n<p><strong>W GODZINACH<br \/>\n9:00-13:00<\/strong><\/p>\n<p>TEL 44646-46-11<br \/>\nNIP 7712773222<br \/>\nKRS 0000109984<\/p>\n<p><strong>ADRES @-MAIL:<\/strong><br \/>\npzeriipiotrkow@interia.pl<\/p>\n<p><strong>MAPA DOJAZDU:<\/strong><\/p>\n<p><iframe loading=\"lazy\" style=\"border: 0;\" src=\"https:\/\/www.google.com\/maps\/embed?pb=!1m18!1m12!1m3!1d2488.224835575624!2d19.677935915766653!3d51.41729637962046!2m3!1f0!2f0!3f0!3m2!1i1024!2i768!4f13.1!3m3!1m2!1s0x47198a87355733f3%3A0x263c3841ff95f4d6!2zUG9sc2tpIFp3acSFemVrIEVtZXJ5dMOzdywgUmVuY2lzdMOzdyBpIElud2FsaWTDs3cuIFphcnrEhWQgb2tyxJlnb3d5!5e0!3m2!1spl!2spl!4v1515918315538\" width=\"600\" height=\"450\" frameborder=\"0\" allowfullscreen=\"allowfullscreen\"><\/iframe><\/p>\n","protected":false},"excerpt":{"rendered":"<p>POLSKI ZWI\u0104ZEK EMERYT\u00d3W RENCIST\u00d3W I INWALID\u00d3W ODDZIA\u0141 OKR\u0118GOWY W PIOTRKOWIE TRYBUNALSKIM UL. WYSOKA 6 OTWARTE: &#8211; PONIEDZIA\u0141EK &#8211; WTOREK &#8211; CZWARTEK W GODZINACH 9:00-13:00 TEL 44646-46-11 NIP 7712773222 KRS 0000109984 ADRES @-MAIL: pzeriipiotrkow@interia.pl MAPA DOJAZDU:<\/p>\n","protected":false},"author":1,"featured_media":0,"parent":0,"menu_order":0,"comment_status":"closed","ping_status":"closed","template":"","meta":{"footnotes":""},"class_list":["post-20","page","type-page","status-publish","hentry"],"_links":{"self":[{"href":"https:\/\/www.pzeriipiotrkow.pl\/index.php\/wp-json\/wp\/v2\/pages\/20","targetHints":{"allow":["GET"]}}],"collection":[{"href":"https:\/\/www.pzeriipiotrkow.pl\/index.php\/wp-json\/wp\/v2\/pages"}],"about":[{"href":"https:\/\/www.pzeriipiotrkow.pl\/index.php\/wp-json\/wp\/v2\/types\/page"}],"author":[{"embeddable":true,"href":"https:\/\/www.pzeriipiotrkow.pl\/index.php\/wp-json\/wp\/v2\/users\/1"}],"replies":[{"embeddable":true,"href":"https:\/\/www.pzeriipiotrkow.pl\/index.php\/wp-json\/wp\/v2\/comments?post=20"}],"version-history":[{"count":10,"href":"https:\/\/www.pzeriipiotrkow.pl\/index.php\/wp-json\/wp\/v2\/pages\/20\/revisions"}],"predecessor-version":[{"id":111,"href":"https:\/\/www.pzeriipiotrkow.pl\/index.php\/wp-json\/wp\/v2\/pages\/20\/revisions\/111"}],"wp:attachment":[{"href":"https:\/\/www.pzeriipiotrkow.pl\/index.php\/wp-json\/wp\/v2\/media?parent=20"}],"curies":[{"name":"wp","href":"https:\/\/api.w.org\/{rel}","templated":true}]}}